{"id":1311,"date":"2024-04-01T13:40:22","date_gmt":"2024-04-01T11:40:22","guid":{"rendered":"https:\/\/les-amis-de-bantanani.com\/?page_id=1311"},"modified":"2026-02-15T20:25:06","modified_gmt":"2026-02-15T19:25:06","slug":"preparez-votre-voyage","status":"publish","type":"page","link":"https:\/\/les-amis-de-bantanani.com\/index.php\/preparez-votre-voyage\/","title":{"rendered":"Pr\u00e9parez votre voyage"},"content":{"rendered":"\t\t<div data-elementor-type=\"wp-page\" data-elementor-id=\"1311\" class=\"elementor elementor-1311\" data-elementor-post-type=\"page\">\n\t\t\t\t<div class=\"elementor-element elementor-element-d7de9af e-flex e-con-boxed e-con e-parent\" data-id=\"d7de9af\" data-element_type=\"container\" data-core-v316-plus=\"true\">\n\t\t\t\t\t<div class=\"e-con-inner\">\n\t\t\t\t<div class=\"elementor-element elementor-element-59c798b elementor-widget-divider--view-line elementor-widget elementor-widget-divider\" data-id=\"59c798b\" data-element_type=\"widget\" data-widget_type=\"divider.default\">\n\t\t\t\t<div class=\"elementor-widget-container\">\n\t\t\t<style>\/*! elementor - v3.20.0 - 26-03-2024 *\/\n.elementor-widget-divider{--divider-border-style:none;--divider-border-width:1px;--divider-color:#0c0d0e;--divider-icon-size:20px;--divider-element-spacing:10px;--divider-pattern-height:24px;--divider-pattern-size:20px;--divider-pattern-url:none;--divider-pattern-repeat:repeat-x}.elementor-widget-divider .elementor-divider{display:flex}.elementor-widget-divider .elementor-divider__text{font-size:15px;line-height:1;max-width:95%}.elementor-widget-divider .elementor-divider__element{margin:0 var(--divider-element-spacing);flex-shrink:0}.elementor-widget-divider .elementor-icon{font-size:var(--divider-icon-size)}.elementor-widget-divider .elementor-divider-separator{display:flex;margin:0;direction:ltr}.elementor-widget-divider--view-line_icon .elementor-divider-separator,.elementor-widget-divider--view-line_text .elementor-divider-separator{align-items:center}.elementor-widget-divider--view-line_icon .elementor-divider-separator:after,.elementor-widget-divider--view-line_icon .elementor-divider-separator:before,.elementor-widget-divider--view-line_text .elementor-divider-separator:after,.elementor-widget-divider--view-line_text .elementor-divider-separator:before{display:block;content:\"\";border-block-end:0;flex-grow:1;border-block-start:var(--divider-border-width) var(--divider-border-style) var(--divider-color)}.elementor-widget-divider--element-align-left .elementor-divider .elementor-divider-separator>.elementor-divider__svg:first-of-type{flex-grow:0;flex-shrink:100}.elementor-widget-divider--element-align-left .elementor-divider-separator:before{content:none}.elementor-widget-divider--element-align-left .elementor-divider__element{margin-left:0}.elementor-widget-divider--element-align-right .elementor-divider .elementor-divider-separator>.elementor-divider__svg:last-of-type{flex-grow:0;flex-shrink:100}.elementor-widget-divider--element-align-right .elementor-divider-separator:after{content:none}.elementor-widget-divider--element-align-right .elementor-divider__element{margin-right:0}.elementor-widget-divider--element-align-start .elementor-divider .elementor-divider-separator>.elementor-divider__svg:first-of-type{flex-grow:0;flex-shrink:100}.elementor-widget-divider--element-align-start .elementor-divider-separator:before{content:none}.elementor-widget-divider--element-align-start .elementor-divider__element{margin-inline-start:0}.elementor-widget-divider--element-align-end .elementor-divider .elementor-divider-separator>.elementor-divider__svg:last-of-type{flex-grow:0;flex-shrink:100}.elementor-widget-divider--element-align-end .elementor-divider-separator:after{content:none}.elementor-widget-divider--element-align-end .elementor-divider__element{margin-inline-end:0}.elementor-widget-divider:not(.elementor-widget-divider--view-line_text):not(.elementor-widget-divider--view-line_icon) .elementor-divider-separator{border-block-start:var(--divider-border-width) var(--divider-border-style) var(--divider-color)}.elementor-widget-divider--separator-type-pattern{--divider-border-style:none}.elementor-widget-divider--separator-type-pattern.elementor-widget-divider--view-line .elementor-divider-separator,.elementor-widget-divider--separator-type-pattern:not(.elementor-widget-divider--view-line) .elementor-divider-separator:after,.elementor-widget-divider--separator-type-pattern:not(.elementor-widget-divider--view-line) .elementor-divider-separator:before,.elementor-widget-divider--separator-type-pattern:not([class*=elementor-widget-divider--view]) .elementor-divider-separator{width:100%;min-height:var(--divider-pattern-height);-webkit-mask-size:var(--divider-pattern-size) 100%;mask-size:var(--divider-pattern-size) 100%;-webkit-mask-repeat:var(--divider-pattern-repeat);mask-repeat:var(--divider-pattern-repeat);background-color:var(--divider-color);-webkit-mask-image:var(--divider-pattern-url);mask-image:var(--divider-pattern-url)}.elementor-widget-divider--no-spacing{--divider-pattern-size:auto}.elementor-widget-divider--bg-round{--divider-pattern-repeat:round}.rtl .elementor-widget-divider .elementor-divider__text{direction:rtl}.e-con-inner>.elementor-widget-divider,.e-con>.elementor-widget-divider{width:var(--container-widget-width,100%);--flex-grow:var(--container-widget-flex-grow)}<\/style>\t\t<div class=\"elementor-divider\">\n\t\t\t<span class=\"elementor-divider-separator\">\n\t\t\t\t\t\t<\/span>\n\t\t<\/div>\n\t\t\t\t<\/div>\n\t\t\t\t<\/div>\n\t\t\t\t\t<\/div>\n\t\t\t\t<\/div>\n\t\t<div class=\"elementor-element elementor-element-d979a4a e-flex e-con-boxed e-con e-parent\" data-id=\"d979a4a\" data-element_type=\"container\" data-core-v316-plus=\"true\">\n\t\t\t\t\t<div class=\"e-con-inner\">\n\t\t\t\t<div class=\"elementor-element elementor-element-ebc4c8d elementor-widget elementor-widget-text-editor\" data-id=\"ebc4c8d\" data-element_type=\"widget\" data-widget_type=\"text-editor.default\">\n\t\t\t\t<div class=\"elementor-widget-container\">\n\t\t\t<style>\/*! elementor - v3.20.0 - 26-03-2024 *\/\n.elementor-widget-text-editor.elementor-drop-cap-view-stacked .elementor-drop-cap{background-color:#69727d;color:#fff}.elementor-widget-text-editor.elementor-drop-cap-view-framed .elementor-drop-cap{color:#69727d;border:3px solid;background-color:transparent}.elementor-widget-text-editor:not(.elementor-drop-cap-view-default) .elementor-drop-cap{margin-top:8px}.elementor-widget-text-editor:not(.elementor-drop-cap-view-default) .elementor-drop-cap-letter{width:1em;height:1em}.elementor-widget-text-editor .elementor-drop-cap{float:left;text-align:center;line-height:1;font-size:50px}.elementor-widget-text-editor .elementor-drop-cap-letter{display:inline-block}<\/style>\t\t\t\t<p style=\"text-align: center;\"><span style=\"color: #000000;\"><span style=\"color: #ff6000;\"><b>Saison et climat :<\/b><b><br \/><\/b><\/span> <span style=\"font-weight: 400;\">De d\u00e9but janvier \u00e0 fin avril le climat est sec, les temp\u00e9ratures de la journ\u00e9e sont de 20\u00b0 \u00e0 40\u00b0 et la nuit de 10\u00b0 \u00e0 25\u00b0.<\/span><span style=\"font-weight: 400;\"><br \/><\/span><span style=\"font-weight: 400;\"><br \/><\/span><\/span><span style=\"font-weight: bold; color: #ff6000;\">A mettre dans votre valise <\/span><span style=\"font-weight: bold; color: #ff6000;\">:<br \/><\/span><\/p><p style=\"text-align: center;\"><span style=\"color: #000000;\">1 ou 2 pantalons verts ou sable l\u00e9gers pour la chasse dans les pailles<\/span><\/p><p style=\"text-align: center;\"><span style=\"color: #000000;\">1 ou 2 shorts pour la chasse (voir gu\u00eatres si vous voulez chasser dans les pailles en short)<\/span><\/p><p style=\"text-align: center;\"><span style=\"color: #000000;\">1 ou 2 Tee-shirts et chemisettes l\u00e9gers de couleur verte ou sable de pr\u00e9f\u00e9rence<\/span><\/p><p style=\"text-align: center;\"><span style=\"color: #000000;\">1 gilet de chasse ou balltrap<\/span><\/p><p style=\"text-align: center;\"><span style=\"color: #000000;\">Casquette ou chapeau<\/span><\/p><p style=\"text-align: center;\"><span style=\"color: #000000;\">1 veste l\u00e9g\u00e8re pour les matin\u00e9es ou soir\u00e9es fra\u00eeches<\/span><\/p><p style=\"text-align: center;\"><span style=\"color: #000000;\">1 paire de chaussures de marche l\u00e9g\u00e8res non waterproof<\/span><\/p><p style=\"text-align: center;\"><span style=\"color: #000000;\">2 ou 3 paires de chaussettes non synth\u00e9tiques, laine de m\u00e9rinos recommand\u00e9es<\/span><\/p><p style=\"text-align: center;\"><span style=\"color: #000000;\">Lampe \u00e9lectrique, voire frontale<\/span><\/p><p style=\"text-align: center;\"><span style=\"color: #000000;\">1 maillot de bain<\/span><\/p><p style=\"text-align: center;\"><span style=\"color: #000000;\">Pr\u00e9voir cachet pour la diarrh\u00e9e et douleur (parac\u00e9tamol) au cas o\u00f9\u00a0<\/span><\/p><p style=\"text-align: center;\"><span style=\"color: #000000;\">Cr\u00e8me solaire et anti-moustique<\/span><\/p><p style=\"text-align: center;\"><span style=\"color: #000000;\">En tout cas un service de blanchisserie gratuit est assur\u00e9 pendant votre s\u00e9jour, aussi est-il inutile de vous encombrer de beaucoup de v\u00eatements<\/span><\/p><p style=\"text-align: center;\">\u00a0<\/p><p style=\"text-align: center;\"><span style=\"color: #000000;\"><span style=\"font-weight: 400;\"><br \/><\/span><span style=\"color: #ff6000;\"><b>Formalit\u00e9s :<\/b><b><br \/><\/b><\/span> <span style=\"font-weight: 400;\">Le passeport est obligatoire et en cours de validit\u00e9. Le permis de chasse s\u00e9n\u00e9galais <span style=\"color: #333333;\">(fourni par nos soins)<\/span>, Le permis de chasse fran\u00e7ais, le passeport d\u2019armes europ\u00e9en <span style=\"color: #333333;\">(un des deux documents peut vous \u00eatre demand\u00e9 au comptoir \u00e0 l\u2019enregistrement de vos bagages. Sans l\u2019un de ces documents vous ne pourrez pas embarquer avec vos armes car il y a un risque de blocage des armes \u00e0 la douane.).<\/span><\/span><span style=\"font-weight: 400;\"><br \/><\/span><span style=\"font-weight: 400;\"><br \/><\/span> <span style=\"color: #ff6000;\"><b>D\u00e9calage horaire :<\/b><b><br \/><\/b><\/span> <span style=\"font-weight: 400;\">1 heure en hiver et 2 heures en \u00e9t\u00e9.<\/span><span style=\"font-weight: 400;\"><br \/><\/span><span style=\"font-weight: 400;\"><br \/><\/span> <span style=\"color: #ff6000;\"><b>R\u00e9glementation des armes et munitions :<\/b><b><br \/><\/b><\/span> <span style=\"font-weight: 400;\">L\u2019importation des cartouches \u00e0 plomb est interdite au S\u00e9n\u00e9gal, vous trouverez sur place au campement des cartouches de cal. 12 ou 20. L\u2019importation des balles de carabine est tol\u00e9r\u00e9e. <span style=\"color: #333333;\">(20 balles par arme)<\/span> Les armes doivent \u00eatre transport\u00e9es dans des mallettes rigides, ferm\u00e9es \u00e0 clef. Les balles doivent \u00eatre mises dans une mallette rigide s\u00e9par\u00e9e <span style=\"color: #333333;\">(maximum 5 kgs)<\/span> avec une d\u00e9claration \u00e0 l\u2019enregistrement.<br \/>Nous avons des carabines <span style=\"color: #333333;\">(\u00e0 louer)<\/span> au campement si vous ne voulez pas vous chargez en bagage. Le fusil automatique est interdit au S\u00e9n\u00e9gal.<\/span><span style=\"font-weight: 400;\"><br \/><\/span><span style=\"font-weight: 400;\"><br \/><\/span> <span style=\"color: #ff6000;\"><b>Sant\u00e9 :<\/b><b><br \/><\/b><\/span> <span style=\"font-weight: 400;\">Recommand\u00e9 mais non obligatoire : le traitement antipalud\u00e9en, la vaccination de la fi\u00e8vre jaune, la vaccination de l\u2019h\u00e9patite B et la vaccination antit\u00e9tanique.<br \/>Si vous d\u00e9sirez \u00eatre vraiment s\u00fbr de vous, renseignez vous au centre de vaccination international le plus proche de chez vous, ou apr\u00e8s de votre m\u00e9decin, qui vous conseillera.<\/span><span style=\"font-weight: 400;\"><br \/><\/span><span style=\"font-weight: 400;\"><br \/><\/span><span style=\"color: #ff6000;\"><b>Monnaie :<\/b><b><br \/><\/b><\/span> <span style=\"font-weight: 400;\">La monnaie est le franc CFA.<br \/>1 \u20ac = +\/- 650 FCFA <\/span><\/span><span style=\"font-weight: 400; color: #333333;\">(en esp\u00e8ce)<\/span><span style=\"color: #000000;\"><span style=\"font-weight: 400;\"><br \/>1 \u20ac = +\/- 620 FCFA <\/span><\/span><span style=\"font-weight: 400; color: #333333;\">(en ch\u00e8que)<\/span><span style=\"color: #000000;\"><span style=\"font-weight: 400;\"><br \/><\/span><\/span><span style=\"color: #000000; font-family: var( --e-global-typography-text-font-family ), Sans-serif;\">Pour les r\u00e8glements sur place, <b>la CARTE BLEUE n\u2019est pas accept\u00e9e.<\/b><\/span><\/p>\t\t\t\t\t\t<\/div>\n\t\t\t\t<\/div>\n\t\t\t\t\t<\/div>\n\t\t\t\t<\/div>\n\t\t\t\t<\/div>\n\t\t","protected":false},"excerpt":{"rendered":"<p>Saison et climat : De d\u00e9but janvier \u00e0 fin avril le climat est sec, les temp\u00e9ratures de la journ\u00e9e sont&hellip;<\/p>\n","protected":false},"author":1,"featured_media":0,"parent":0,"menu_order":0,"comment_status":"closed","ping_status":"closed","template":"elementor_theme","meta":{"_monsterinsights_skip_tracking":false,"_monsterinsights_sitenote_active":false,"_monsterinsights_sitenote_note":"","_monsterinsights_sitenote_category":0,"footnotes":""},"class_list":["post-1311","page","type-page","status-publish","hentry"],"aioseo_notices":[],"_links":{"self":[{"href":"https:\/\/les-amis-de-bantanani.com\/index.php\/wp-json\/wp\/v2\/pages\/1311","targetHints":{"allow":["GET"]}}],"collection":[{"href":"https:\/\/les-amis-de-bantanani.com\/index.php\/wp-json\/wp\/v2\/pages"}],"about":[{"href":"https:\/\/les-amis-de-bantanani.com\/index.php\/wp-json\/wp\/v2\/types\/page"}],"author":[{"embeddable":true,"href":"https:\/\/les-amis-de-bantanani.com\/index.php\/wp-json\/wp\/v2\/users\/1"}],"replies":[{"embeddable":true,"href":"https:\/\/les-amis-de-bantanani.com\/index.php\/wp-json\/wp\/v2\/comments?post=1311"}],"version-history":[{"count":10,"href":"https:\/\/les-amis-de-bantanani.com\/index.php\/wp-json\/wp\/v2\/pages\/1311\/revisions"}],"predecessor-version":[{"id":1920,"href":"https:\/\/les-amis-de-bantanani.com\/index.php\/wp-json\/wp\/v2\/pages\/1311\/revisions\/1920"}],"wp:attachment":[{"href":"https:\/\/les-amis-de-bantanani.com\/index.php\/wp-json\/wp\/v2\/media?parent=1311"}],"curies":[{"name":"wp","href":"https:\/\/api.w.org\/{rel}","templated":true}]}}