{"id":766,"date":"2023-06-10T16:00:34","date_gmt":"2023-06-10T14:00:34","guid":{"rendered":"https:\/\/les-amis-de-bantanani.com\/?page_id=766"},"modified":"2024-04-11T19:49:43","modified_gmt":"2024-04-11T17:49:43","slug":"qui-suis-je","status":"publish","type":"page","link":"https:\/\/les-amis-de-bantanani.com\/index.php\/qui-suis-je\/","title":{"rendered":"Qui suis-je ?"},"content":{"rendered":"\t\t<div data-elementor-type=\"wp-page\" data-elementor-id=\"766\" class=\"elementor elementor-766\" data-elementor-post-type=\"page\">\n\t\t\t\t<div class=\"elementor-element elementor-element-7b56d4c e-flex e-con-boxed e-con e-parent\" data-id=\"7b56d4c\" data-element_type=\"container\" data-core-v316-plus=\"true\">\n\t\t\t\t\t<div class=\"e-con-inner\">\n\t\t\t\t<div class=\"elementor-element elementor-element-e5e179a elementor-widget-divider--view-line elementor-widget elementor-widget-divider\" data-id=\"e5e179a\" data-element_type=\"widget\" data-widget_type=\"divider.default\">\n\t\t\t\t<div class=\"elementor-widget-container\">\n\t\t\t<style>\/*! elementor - v3.20.0 - 26-03-2024 *\/\n.elementor-widget-divider{--divider-border-style:none;--divider-border-width:1px;--divider-color:#0c0d0e;--divider-icon-size:20px;--divider-element-spacing:10px;--divider-pattern-height:24px;--divider-pattern-size:20px;--divider-pattern-url:none;--divider-pattern-repeat:repeat-x}.elementor-widget-divider .elementor-divider{display:flex}.elementor-widget-divider .elementor-divider__text{font-size:15px;line-height:1;max-width:95%}.elementor-widget-divider .elementor-divider__element{margin:0 var(--divider-element-spacing);flex-shrink:0}.elementor-widget-divider .elementor-icon{font-size:var(--divider-icon-size)}.elementor-widget-divider .elementor-divider-separator{display:flex;margin:0;direction:ltr}.elementor-widget-divider--view-line_icon .elementor-divider-separator,.elementor-widget-divider--view-line_text .elementor-divider-separator{align-items:center}.elementor-widget-divider--view-line_icon .elementor-divider-separator:after,.elementor-widget-divider--view-line_icon .elementor-divider-separator:before,.elementor-widget-divider--view-line_text .elementor-divider-separator:after,.elementor-widget-divider--view-line_text .elementor-divider-separator:before{display:block;content:\"\";border-block-end:0;flex-grow:1;border-block-start:var(--divider-border-width) var(--divider-border-style) var(--divider-color)}.elementor-widget-divider--element-align-left .elementor-divider .elementor-divider-separator>.elementor-divider__svg:first-of-type{flex-grow:0;flex-shrink:100}.elementor-widget-divider--element-align-left .elementor-divider-separator:before{content:none}.elementor-widget-divider--element-align-left .elementor-divider__element{margin-left:0}.elementor-widget-divider--element-align-right .elementor-divider .elementor-divider-separator>.elementor-divider__svg:last-of-type{flex-grow:0;flex-shrink:100}.elementor-widget-divider--element-align-right .elementor-divider-separator:after{content:none}.elementor-widget-divider--element-align-right .elementor-divider__element{margin-right:0}.elementor-widget-divider--element-align-start .elementor-divider .elementor-divider-separator>.elementor-divider__svg:first-of-type{flex-grow:0;flex-shrink:100}.elementor-widget-divider--element-align-start .elementor-divider-separator:before{content:none}.elementor-widget-divider--element-align-start .elementor-divider__element{margin-inline-start:0}.elementor-widget-divider--element-align-end .elementor-divider .elementor-divider-separator>.elementor-divider__svg:last-of-type{flex-grow:0;flex-shrink:100}.elementor-widget-divider--element-align-end .elementor-divider-separator:after{content:none}.elementor-widget-divider--element-align-end .elementor-divider__element{margin-inline-end:0}.elementor-widget-divider:not(.elementor-widget-divider--view-line_text):not(.elementor-widget-divider--view-line_icon) .elementor-divider-separator{border-block-start:var(--divider-border-width) var(--divider-border-style) var(--divider-color)}.elementor-widget-divider--separator-type-pattern{--divider-border-style:none}.elementor-widget-divider--separator-type-pattern.elementor-widget-divider--view-line .elementor-divider-separator,.elementor-widget-divider--separator-type-pattern:not(.elementor-widget-divider--view-line) .elementor-divider-separator:after,.elementor-widget-divider--separator-type-pattern:not(.elementor-widget-divider--view-line) .elementor-divider-separator:before,.elementor-widget-divider--separator-type-pattern:not([class*=elementor-widget-divider--view]) .elementor-divider-separator{width:100%;min-height:var(--divider-pattern-height);-webkit-mask-size:var(--divider-pattern-size) 100%;mask-size:var(--divider-pattern-size) 100%;-webkit-mask-repeat:var(--divider-pattern-repeat);mask-repeat:var(--divider-pattern-repeat);background-color:var(--divider-color);-webkit-mask-image:var(--divider-pattern-url);mask-image:var(--divider-pattern-url)}.elementor-widget-divider--no-spacing{--divider-pattern-size:auto}.elementor-widget-divider--bg-round{--divider-pattern-repeat:round}.rtl .elementor-widget-divider .elementor-divider__text{direction:rtl}.e-con-inner>.elementor-widget-divider,.e-con>.elementor-widget-divider{width:var(--container-widget-width,100%);--flex-grow:var(--container-widget-flex-grow)}<\/style>\t\t<div class=\"elementor-divider\">\n\t\t\t<span class=\"elementor-divider-separator\">\n\t\t\t\t\t\t<\/span>\n\t\t<\/div>\n\t\t\t\t<\/div>\n\t\t\t\t<\/div>\n\t\t\t\t\t<\/div>\n\t\t\t\t<\/div>\n\t\t<div class=\"elementor-element elementor-element-3141c1f e-con-full e-flex e-con e-parent\" data-id=\"3141c1f\" data-element_type=\"container\" data-core-v316-plus=\"true\">\n\t\t<div class=\"elementor-element elementor-element-7fc9a0e e-con-full e-flex e-con e-child\" data-id=\"7fc9a0e\" data-element_type=\"container\">\n\t\t\t\t<div class=\"elementor-element elementor-element-5084153 elementor-widget elementor-widget-image\" data-id=\"5084153\" data-element_type=\"widget\" data-widget_type=\"image.default\">\n\t\t\t\t<div class=\"elementor-widget-container\">\n\t\t\t<style>\/*! elementor - v3.20.0 - 26-03-2024 *\/\n.elementor-widget-image{text-align:center}.elementor-widget-image a{display:inline-block}.elementor-widget-image a img[src$=\".svg\"]{width:48px}.elementor-widget-image img{vertical-align:middle;display:inline-block}<\/style>\t\t\t\t\t\t\t\t\t\t<img fetchpriority=\"high\" decoding=\"async\" width=\"1024\" height=\"768\" src=\"https:\/\/les-amis-de-bantanani.com\/wp-content\/uploads\/2023\/06\/IMG_3239-1024x768.jpg\" class=\"attachment-large size-large wp-image-117\" alt=\"\" srcset=\"https:\/\/les-amis-de-bantanani.com\/wp-content\/uploads\/2023\/06\/IMG_3239-1024x768.jpg 1024w, https:\/\/les-amis-de-bantanani.com\/wp-content\/uploads\/2023\/06\/IMG_3239-300x225.jpg 300w, https:\/\/les-amis-de-bantanani.com\/wp-content\/uploads\/2023\/06\/IMG_3239-768x576.jpg 768w, https:\/\/les-amis-de-bantanani.com\/wp-content\/uploads\/2023\/06\/IMG_3239-1536x1152.jpg 1536w, https:\/\/les-amis-de-bantanani.com\/wp-content\/uploads\/2023\/06\/IMG_3239-2048x1536.jpg 2048w, https:\/\/les-amis-de-bantanani.com\/wp-content\/uploads\/2023\/06\/IMG_3239-120x90.jpg 120w\" sizes=\"(max-width: 1024px) 100vw, 1024px\" \/>\t\t\t\t\t\t\t\t\t\t\t\t\t<\/div>\n\t\t\t\t<\/div>\n\t\t\t\t<\/div>\n\t\t<div class=\"elementor-element elementor-element-bfb761e e-con-full e-flex e-con e-child\" data-id=\"bfb761e\" data-element_type=\"container\">\n\t\t\t\t<\/div>\n\t\t\t\t<div class=\"elementor-element elementor-element-03df198 elementor-widget elementor-widget-text-editor\" data-id=\"03df198\" data-element_type=\"widget\" data-widget_type=\"text-editor.default\">\n\t\t\t\t<div class=\"elementor-widget-container\">\n\t\t\t<style>\/*! elementor - v3.20.0 - 26-03-2024 *\/\n.elementor-widget-text-editor.elementor-drop-cap-view-stacked .elementor-drop-cap{background-color:#69727d;color:#fff}.elementor-widget-text-editor.elementor-drop-cap-view-framed .elementor-drop-cap{color:#69727d;border:3px solid;background-color:transparent}.elementor-widget-text-editor:not(.elementor-drop-cap-view-default) .elementor-drop-cap{margin-top:8px}.elementor-widget-text-editor:not(.elementor-drop-cap-view-default) .elementor-drop-cap-letter{width:1em;height:1em}.elementor-widget-text-editor .elementor-drop-cap{float:left;text-align:center;line-height:1;font-size:50px}.elementor-widget-text-editor .elementor-drop-cap-letter{display:inline-block}<\/style>\t\t\t\t<p><span style=\"color: #000000;\">\u00a0<\/span><\/p>\n<p><span style=\"color: #000000; font-family: var( --e-global-typography-text-font-family ), Sans-serif; font-weight: var( --e-global-typography-text-font-weight ); text-align: var(--text-align);\">S\u00e9bastien DONNET-GROSSET\u00caTE (alias \u00ab\u00a0Bastos\u00a0\u00bb)<\/span><\/p>\n<p><span style=\"color: #000000;\">Je suis un passionn\u00e9 de chasse depuis mes 5 ans, j\u2019ai commenc\u00e9 \u00e0 partir de mes 16 ans \u00e0 m\u2019occuper de la chasse. \u00c0 l\u2019\u00e2ge de mes 30 ans, je suis devenu pr\u00e9sident de l\u2019amicale des chasseurs de St-Anth\u00f4t <span style=\"color: #333333;\">(en C\u00f4te d\u2019Or)<\/span> jusqu\u2019\u00e0 mon arriv\u00e9 au S\u00e9n\u00e9gal. Je m\u2019occupais d\u2019un territoire de 2 000 hectares compos\u00e9s de plaines et de bois.<\/span><br \/><span style=\"color: #000000;\">C\u2019est \u00e0 mes 53 ans que je viens m\u2019installer au S\u00e9n\u00e9gal pour continuer ma passion et la partager avec vous. \u00c9tant tomb\u00e9 amoureux de ce pays suite \u00e0 l\u2019invitation d\u2019un ami, j\u2019ai pu d\u00e9couvrir cette magnifique r\u00e9gion d\u2019Afrique et ce mode de chasse avec une bande de copains, d\u2019o\u00f9 le nom \u00ab\u00a0Les amis de Bantanani\u00a0\u00bb.<\/span><\/p>\t\t\t\t\t\t<\/div>\n\t\t\t\t<\/div>\n\t\t\t\t<\/div>\n\t\t\t\t<\/div>\n\t\t","protected":false},"excerpt":{"rendered":"<p>\u00a0 S\u00e9bastien DONNET-GROSSET\u00caTE (alias \u00ab\u00a0Bastos\u00a0\u00bb) Je suis un passionn\u00e9 de chasse depuis mes 5 ans, j\u2019ai commenc\u00e9 \u00e0 partir de&hellip;<\/p>\n","protected":false},"author":1,"featured_media":0,"parent":0,"menu_order":0,"comment_status":"closed","ping_status":"closed","template":"elementor_theme","meta":{"_monsterinsights_skip_tracking":false,"_monsterinsights_sitenote_active":false,"_monsterinsights_sitenote_note":"","_monsterinsights_sitenote_category":0,"footnotes":""},"class_list":["post-766","page","type-page","status-publish","hentry"],"aioseo_notices":[],"_links":{"self":[{"href":"https:\/\/les-amis-de-bantanani.com\/index.php\/wp-json\/wp\/v2\/pages\/766","targetHints":{"allow":["GET"]}}],"collection":[{"href":"https:\/\/les-amis-de-bantanani.com\/index.php\/wp-json\/wp\/v2\/pages"}],"about":[{"href":"https:\/\/les-amis-de-bantanani.com\/index.php\/wp-json\/wp\/v2\/types\/page"}],"author":[{"embeddable":true,"href":"https:\/\/les-amis-de-bantanani.com\/index.php\/wp-json\/wp\/v2\/users\/1"}],"replies":[{"embeddable":true,"href":"https:\/\/les-amis-de-bantanani.com\/index.php\/wp-json\/wp\/v2\/comments?post=766"}],"version-history":[{"count":10,"href":"https:\/\/les-amis-de-bantanani.com\/index.php\/wp-json\/wp\/v2\/pages\/766\/revisions"}],"predecessor-version":[{"id":1310,"href":"https:\/\/les-amis-de-bantanani.com\/index.php\/wp-json\/wp\/v2\/pages\/766\/revisions\/1310"}],"wp:attachment":[{"href":"https:\/\/les-amis-de-bantanani.com\/index.php\/wp-json\/wp\/v2\/media?parent=766"}],"curies":[{"name":"wp","href":"https:\/\/api.w.org\/{rel}","templated":true}]}}