{"id":806,"date":"2023-06-11T16:56:05","date_gmt":"2023-06-11T14:56:05","guid":{"rendered":"https:\/\/les-amis-de-bantanani.com\/?page_id=806"},"modified":"2024-04-11T19:50:12","modified_gmt":"2024-04-11T17:50:12","slug":"mentions-legales","status":"publish","type":"page","link":"https:\/\/les-amis-de-bantanani.com\/index.php\/mentions-legales\/","title":{"rendered":"Mentions L\u00e9gales"},"content":{"rendered":"\n<hr class=\"wp-block-separator has-alpha-channel-opacity\"\/>\n\n\n\n<p style=\"font-size:16px;font-style:normal;font-weight:500\">Les Amis de Bantanani<\/p>\n\n\n\n<p style=\"font-style:normal;font-weight:500\">Adresse : 2 grande rue \u2013 21540 St ANTHOT<br>Repr\u00e9sentant l\u00e9gal : M. S\u00c9BASTIEN DONNET-GROSSETETE<br>Directeur de la Publication : M. S\u00c9BASTIEN DONNET-GROSSETETE<br>T\u00e9l\u00e9phone : 06.11.55.16.05<br>Adresse Internet : https:\/\/les-amis-de-bantanani.com<\/p>\n\n\n\n<div style=\"height:100px\" aria-hidden=\"true\" class=\"wp-block-spacer\"><\/div>\n\n\n\n<p style=\"font-size:16px;font-style:normal;font-weight:500\">L\u2019utilisateur du site Internet reconna\u00eet disposer de la comp\u00e9tence et des moyens n\u00e9cessaires pour acc\u00e9der et utiliser ce site. Il reconna\u00eet \u00e9galement avoir pris connaissance de la pr\u00e9sente notice l\u00e9gale et s\u2019engage \u00e0 la respecter.<br>L\u2019utilisateur dispose d\u2019un droit d\u2019acc\u00e8s, de modification, de rectification et suppression des donn\u00e9es qui le concernent (article 34 de la loi &nbsp;\u00bb Informatique et Libert\u00e9s \u00ab&nbsp;).<br>Pour l\u2019exercer, l\u2019utilisateur peut s\u2019adresser aupr\u00e8s du Directeur de la publication vis\u00e9 ci haut.<br>Toute repr\u00e9sentation totale ou partielle de ce site par quelque proc\u00e9d\u00e9 que ce soit, sans l\u2019autorisation expresse de l\u2019exploitant du site Internet est interdite et constituerait une contrefa\u00e7on sanctionn\u00e9e par les articles L 335-2 et suivants du Code de la propri\u00e9t\u00e9 intellectuelle.<br>Il en est de m\u00eame des \u00e9ventuelles bases de donn\u00e9es figurant sur le site Internet qui sont prot\u00e9g\u00e9es par les dispositions de la loi du 11 juillet 1998 portant transposition dans le Code de la propri\u00e9t\u00e9 intellectuelle (CPI) de la directive europ\u00e9enne du 11 mars 1996 relative \u00e0 la protection juridique des bases de donn\u00e9es.<\/p>\n","protected":false},"excerpt":{"rendered":"<p>Les Amis de Bantanani Adresse : 2 grande rue \u2013 21540 St ANTHOTRepr\u00e9sentant l\u00e9gal : M. S\u00c9BASTIEN DONNET-GROSSETETEDirecteur de la&hellip;<\/p>\n","protected":false},"author":1,"featured_media":0,"parent":0,"menu_order":0,"comment_status":"closed","ping_status":"closed","template":"elementor_theme","meta":{"_monsterinsights_skip_tracking":false,"_monsterinsights_sitenote_active":false,"_monsterinsights_sitenote_note":"","_monsterinsights_sitenote_category":0,"footnotes":""},"class_list":["post-806","page","type-page","status-publish","hentry"],"aioseo_notices":[],"_links":{"self":[{"href":"https:\/\/les-amis-de-bantanani.com\/index.php\/wp-json\/wp\/v2\/pages\/806","targetHints":{"allow":["GET"]}}],"collection":[{"href":"https:\/\/les-amis-de-bantanani.com\/index.php\/wp-json\/wp\/v2\/pages"}],"about":[{"href":"https:\/\/les-amis-de-bantanani.com\/index.php\/wp-json\/wp\/v2\/types\/page"}],"author":[{"embeddable":true,"href":"https:\/\/les-amis-de-bantanani.com\/index.php\/wp-json\/wp\/v2\/users\/1"}],"replies":[{"embeddable":true,"href":"https:\/\/les-amis-de-bantanani.com\/index.php\/wp-json\/wp\/v2\/comments?post=806"}],"version-history":[{"count":5,"href":"https:\/\/les-amis-de-bantanani.com\/index.php\/wp-json\/wp\/v2\/pages\/806\/revisions"}],"predecessor-version":[{"id":816,"href":"https:\/\/les-amis-de-bantanani.com\/index.php\/wp-json\/wp\/v2\/pages\/806\/revisions\/816"}],"wp:attachment":[{"href":"https:\/\/les-amis-de-bantanani.com\/index.php\/wp-json\/wp\/v2\/media?parent=806"}],"curies":[{"name":"wp","href":"https:\/\/api.w.org\/{rel}","templated":true}]}}