{"id":82,"date":"2023-06-01T18:02:57","date_gmt":"2023-06-01T16:02:57","guid":{"rendered":"https:\/\/les-amis-de-bantanani.com\/?page_id=82"},"modified":"2025-05-18T22:26:35","modified_gmt":"2025-05-18T20:26:35","slug":"le-senegal","status":"publish","type":"page","link":"https:\/\/les-amis-de-bantanani.com\/","title":{"rendered":"Le S\u00e9n\u00e9gal"},"content":{"rendered":"\n<figure class=\"wp-block-video\"><video controls src=\"https:\/\/les-amis-de-bantanani.com\/wp-content\/uploads\/2025\/05\/POUR-UN-UN-SEJOUR-DE-CHASSE-AU-SENEGAL-2.mp4\"><\/video><\/figure>\n\n\n\n<hr class=\"wp-block-separator has-alpha-channel-opacity\"\/>\n\n\n\n<p class=\"has-text-color has-medium-font-size\" style=\"color:#035d0a\"><strong><em>Partez bien accompagn\u00e9s, avec mon \u00e9quipe nous nous occupons de tout !<\/em><\/strong><\/p>\n\n\n\n<div style=\"height:23px\" aria-hidden=\"true\" class=\"wp-block-spacer\"><\/div>\n\n\n\n<div class=\"wp-block-media-text alignwide has-media-on-the-right is-stacked-on-mobile has-white-background-color has-background\" style=\"grid-template-columns:auto 40%\"><div class=\"wp-block-media-text__content\">\n<ul class=\"wp-block-list\">\n<li style=\"font-size:16px;font-style:normal;font-weight:500\">Le vol pour l&rsquo;a\u00e9roport Blaise Diagne, si besoin je vous donne le contact d&rsquo;une agence qui s&rsquo;occupera de votre billet aller-retour.<\/li>\n\n\n\n<li style=\"font-size:16px;font-style:normal;font-weight:500\">Les formalit\u00e9s d&rsquo;immigration.<\/li>\n\n\n\n<li style=\"font-size:16px;font-style:normal;font-weight:500\">La fourniture des cartouches (importation interdite au S\u00e9n\u00e9gal).<\/li>\n\n\n\n<li style=\"font-size:16px;font-style:normal;font-weight:500\">La r\u00e9servation de l&rsquo;avion Blaise Diagne &lt;&gt; Tambacounda (\u00e0 prioriser afin d&rsquo;\u00e9viter au minimum 7h de route en v\u00e9hicule) si disponible et si demand\u00e9.<\/li>\n\n\n\n<li style=\"font-size:16px;font-style:normal;font-weight:500\">R\u00e9servation d&rsquo;un h\u00f4tel \u00e0 votre arriv\u00e9e et d\u00e9part suivant votre demande.<\/li>\n\n\n\n<li style=\"font-size:16px;font-style:normal;font-weight:500\">Organisation des diff\u00e9rents transports (certains \u00e0 votre charge).<\/li>\n\n\n\n<li style=\"font-size:16px;font-style:normal;font-weight:500\">Issa BA vous accueillera \u00e0 l&rsquo;a\u00e9roport et prendra en charge toutes les formalit\u00e9s de douane et de transfert<\/li>\n<\/ul>\n<\/div><figure class=\"wp-block-media-text__media\"><img fetchpriority=\"high\" decoding=\"async\" width=\"1024\" height=\"768\" src=\"https:\/\/les-amis-de-bantanani.com\/wp-content\/uploads\/2023\/06\/IMG_2433-2-1024x768.jpg\" alt=\"\" class=\"wp-image-360 size-full\" srcset=\"https:\/\/les-amis-de-bantanani.com\/wp-content\/uploads\/2023\/06\/IMG_2433-2-1024x768.jpg 1024w, https:\/\/les-amis-de-bantanani.com\/wp-content\/uploads\/2023\/06\/IMG_2433-2-300x225.jpg 300w, https:\/\/les-amis-de-bantanani.com\/wp-content\/uploads\/2023\/06\/IMG_2433-2-768x576.jpg 768w, https:\/\/les-amis-de-bantanani.com\/wp-content\/uploads\/2023\/06\/IMG_2433-2-1536x1152.jpg 1536w, https:\/\/les-amis-de-bantanani.com\/wp-content\/uploads\/2023\/06\/IMG_2433-2-2048x1536.jpg 2048w, https:\/\/les-amis-de-bantanani.com\/wp-content\/uploads\/2023\/06\/IMG_2433-2-120x90.jpg 120w\" sizes=\"(max-width: 1024px) 100vw, 1024px\" \/><\/figure><\/div>\n\n\n\n<hr class=\"wp-block-separator has-alpha-channel-opacity\"\/>\n\n\n\n<h2 class=\"wp-block-heading has-text-align-left has-text-color has-medium-font-size\" style=\"color:#035d0a;text-transform:none\"><em><strong>L&rsquo;Afrique et le S\u00e9n\u00e9gal, votre passion dans un cadre exceptionnel<\/strong><\/em><\/h2>\n\n\n\n<div style=\"height:23px\" aria-hidden=\"true\" class=\"wp-block-spacer\"><\/div>\n\n\n\n<div class=\"wp-block-group is-content-justification-center is-nowrap is-layout-flex wp-container-core-group-is-layout-1 wp-block-group-is-layout-flex\">\n<figure class=\"wp-block-image size-large is-resized\"><img decoding=\"async\" width=\"827\" height=\"1024\" src=\"https:\/\/les-amis-de-bantanani.com\/wp-content\/uploads\/2024\/03\/20240310_154602-1-827x1024.jpg\" alt=\"\" class=\"wp-image-1144\" style=\"aspect-ratio:1.4119601328903655;width:428px;height:auto\" srcset=\"https:\/\/les-amis-de-bantanani.com\/wp-content\/uploads\/2024\/03\/20240310_154602-1-827x1024.jpg 827w, https:\/\/les-amis-de-bantanani.com\/wp-content\/uploads\/2024\/03\/20240310_154602-1-242x300.jpg 242w, https:\/\/les-amis-de-bantanani.com\/wp-content\/uploads\/2024\/03\/20240310_154602-1-768x951.jpg 768w, https:\/\/les-amis-de-bantanani.com\/wp-content\/uploads\/2024\/03\/20240310_154602-1-1240x1536.jpg 1240w, https:\/\/les-amis-de-bantanani.com\/wp-content\/uploads\/2024\/03\/20240310_154602-1-1653x2048.jpg 1653w, https:\/\/les-amis-de-bantanani.com\/wp-content\/uploads\/2024\/03\/20240310_154602-1.jpg 1796w\" sizes=\"(max-width: 827px) 100vw, 827px\" \/><\/figure>\n\n\n\n<figure class=\"wp-block-image size-large is-resized\"><img decoding=\"async\" width=\"1024\" height=\"768\" src=\"https:\/\/les-amis-de-bantanani.com\/wp-content\/uploads\/2023\/06\/IMG_2448-1-1-1024x768.jpg\" alt=\"\" class=\"wp-image-392\" style=\"width:400px;height:302px\" srcset=\"https:\/\/les-amis-de-bantanani.com\/wp-content\/uploads\/2023\/06\/IMG_2448-1-1-1024x768.jpg 1024w, https:\/\/les-amis-de-bantanani.com\/wp-content\/uploads\/2023\/06\/IMG_2448-1-1-300x225.jpg 300w, https:\/\/les-amis-de-bantanani.com\/wp-content\/uploads\/2023\/06\/IMG_2448-1-1-768x576.jpg 768w, https:\/\/les-amis-de-bantanani.com\/wp-content\/uploads\/2023\/06\/IMG_2448-1-1-1536x1152.jpg 1536w, https:\/\/les-amis-de-bantanani.com\/wp-content\/uploads\/2023\/06\/IMG_2448-1-1-2048x1536.jpg 2048w, https:\/\/les-amis-de-bantanani.com\/wp-content\/uploads\/2023\/06\/IMG_2448-1-1-120x90.jpg 120w\" sizes=\"(max-width: 1024px) 100vw, 1024px\" \/><\/figure>\n<\/div>\n\n\n\n<p><\/p>\n\n\n\n<p class=\"has-text-align-center\" style=\"font-size:16px;font-style:normal;font-weight:500\">L&rsquo;amiti\u00e9, la convivialit\u00e9 et le respect de tous seront les principaux mots d&rsquo;ordre lors de votre s\u00e9jour.<br>Tout sera mis en \u0153uvre pour vous faire vivre un moment inoubliable<\/p>\n\n\n\n<hr class=\"wp-block-separator has-alpha-channel-opacity\"\/>\n\n\n\n<p class=\"has-text-color has-medium-font-size\" style=\"color:#035d0a;font-style:normal;font-weight:500\"><em><strong><span><b>Le S\u00e9n\u00e9gal, un <\/b><\/span>paradis pour chasseur \u00e0 5h de vol depuis la France<\/strong><\/em><\/p>\n\n\n\n<div class=\"wp-block-media-text alignwide has-media-on-the-right is-stacked-on-mobile\" style=\"grid-template-columns:auto 41%\"><div class=\"wp-block-media-text__content\">\n<p style=\"font-size:16px;font-style:normal;font-weight:500\">Afin de faciliter la vie de nos amis chasseurs, nous avons pris l\u2019habitude de nous occuper de tout&nbsp;:<br><strong>\u2013 R\u00e9servation des billets d\u2019avion PARIS\/DAKAR.<br>\u2013 Affr\u00e8tement d\u2019un avion pour le transfert DAKAR\/TAMBACOUNDA<strong> (dur\u00e9e du vol 1h15)<\/strong> si disponible. Si non disponible: trajet en bus ou en voiture suivant le nombre de chasseur (7h de route).<br>\u2013 Gestion des r\u00e9servations h\u00f4teli\u00e8res \u00e0 Saly ou \u00e0 Dakar (suivant la n\u00e9cessit\u00e9e) avant et apr\u00e8s chasse.<\/strong><br>Mon r\u00e9ceptif \u00e0 l&rsquo;a\u00e9roport Blaise Diagne, Issa BA prendra en charge toutes les formalit\u00e9s de douane et de transfert.<\/p>\n<\/div><figure class=\"wp-block-media-text__media\"><img loading=\"lazy\" decoding=\"async\" width=\"1024\" height=\"768\" src=\"https:\/\/les-amis-de-bantanani.com\/wp-content\/uploads\/2023\/06\/IMGP0051-1024x768.jpg\" alt=\"\" class=\"wp-image-518 size-full\" srcset=\"https:\/\/les-amis-de-bantanani.com\/wp-content\/uploads\/2023\/06\/IMGP0051-1024x768.jpg 1024w, https:\/\/les-amis-de-bantanani.com\/wp-content\/uploads\/2023\/06\/IMGP0051-300x225.jpg 300w, https:\/\/les-amis-de-bantanani.com\/wp-content\/uploads\/2023\/06\/IMGP0051-768x576.jpg 768w, https:\/\/les-amis-de-bantanani.com\/wp-content\/uploads\/2023\/06\/IMGP0051-1536x1152.jpg 1536w, https:\/\/les-amis-de-bantanani.com\/wp-content\/uploads\/2023\/06\/IMGP0051-2048x1536.jpg 2048w, https:\/\/les-amis-de-bantanani.com\/wp-content\/uploads\/2023\/06\/IMGP0051-120x90.jpg 120w\" sizes=\"(max-width: 1024px) 100vw, 1024px\" \/><\/figure><\/div>\n\n\n\n<div style=\"height:23px\" aria-hidden=\"true\" class=\"wp-block-spacer\"><\/div>\n\n\n\n<p style=\"font-size:16px;font-style:normal;font-weight:500\">Le S\u00e9n\u00e9gal, pays du petit gibier et du phacoch\u00e8re \u00e0 5 heures d\u2019avion de Paris. Les densit\u00e9s de francolins sont exceptionnelles, les pass\u00e9es de tourterelles sont inoubliables, les approches de phacoch\u00e8res sont \u00e9mouvantes et la poursuite des pintades vous permettront d\u2019appr\u00e9cier ces gibiers sauvages. L\u2019accueil chaleureux des habitants est bien connu de tous.<br>Le S\u00e9n\u00e9gal est le pays de la Terranga. Le soleil est au rendez-vous pendant toute la p\u00e9riode de chasse alors qu\u2019il fait froid en France.<br>N\u2019h\u00e9sitez pas, venez d\u00e9couvrir et partager ma passion.<\/p>\n\n\n\n<hr class=\"wp-block-separator has-alpha-channel-opacity\"\/>\n\n\n\n<p class=\"has-text-color has-medium-font-size\" style=\"color:#035d0a;font-style:normal;font-weight:500\"><em><strong>D\u00e9roulement des journ\u00e9es<\/strong><\/em><\/p>\n\n\n\n<div class=\"wp-block-media-text alignwide is-stacked-on-mobile\"><figure class=\"wp-block-media-text__media\"><img loading=\"lazy\" decoding=\"async\" width=\"1024\" height=\"768\" src=\"https:\/\/les-amis-de-bantanani.com\/wp-content\/uploads\/2023\/06\/IMGP0030-1024x768.jpg\" alt=\"\" class=\"wp-image-496 size-full\" srcset=\"https:\/\/les-amis-de-bantanani.com\/wp-content\/uploads\/2023\/06\/IMGP0030-1024x768.jpg 1024w, https:\/\/les-amis-de-bantanani.com\/wp-content\/uploads\/2023\/06\/IMGP0030-300x225.jpg 300w, https:\/\/les-amis-de-bantanani.com\/wp-content\/uploads\/2023\/06\/IMGP0030-768x576.jpg 768w, https:\/\/les-amis-de-bantanani.com\/wp-content\/uploads\/2023\/06\/IMGP0030-1536x1152.jpg 1536w, https:\/\/les-amis-de-bantanani.com\/wp-content\/uploads\/2023\/06\/IMGP0030-2048x1536.jpg 2048w, https:\/\/les-amis-de-bantanani.com\/wp-content\/uploads\/2023\/06\/IMGP0030-120x90.jpg 120w\" sizes=\"(max-width: 1024px) 100vw, 1024px\" \/><\/figure><div class=\"wp-block-media-text__content\">\n<p style=\"font-size:16px;font-style:normal;font-weight:500\">Chasse tous les jours sauf le jour du d\u00e9part (suivant votre forfait et vos envies) suivant des horaires d\u00e9finis par le gibier et le lieu chass\u00e9, en g\u00e9n\u00e9ral au lever du soleil et vers 16h30 \/ 17h le soir.<br>Par petits groupes pour la chasse devant soi (francolins, pintades, etc\u2026), en ligne post\u00e9 (tourterelles, gangas, pigeons) et accompagn\u00e9 de votre pisteur (1 par chasseur pour la dur\u00e9e du s\u00e9jour) pour le phacoch\u00e8re, au minimum 1 accompagnant suppl\u00e9mentaire pour le Cyno (campement Fal\u00e9m\u00e9).<br><br><strong>Notre envie, vous faire passer au minimum une semaine de d\u00e9tente et de convivialit\u00e9 dans nos 2 campements diff\u00e9rents dans plusieurs domaines.<\/strong><\/p>\n<\/div><\/div>\n\n\n\n<p><\/p>\n","protected":false},"excerpt":{"rendered":"<p>Partez bien accompagn\u00e9s, avec mon \u00e9quipe nous nous occupons de tout ! L&rsquo;Afrique et le S\u00e9n\u00e9gal, votre passion dans un&hellip;<\/p>\n","protected":false},"author":1,"featured_media":0,"parent":0,"menu_order":0,"comment_status":"closed","ping_status":"closed","template":"","meta":{"_monsterinsights_skip_tracking":false,"_monsterinsights_sitenote_active":false,"_monsterinsights_sitenote_note":"","_monsterinsights_sitenote_category":0,"footnotes":""},"class_list":["post-82","page","type-page","status-publish","hentry"],"aioseo_notices":[],"_links":{"self":[{"href":"https:\/\/les-amis-de-bantanani.com\/index.php\/wp-json\/wp\/v2\/pages\/82","targetHints":{"allow":["GET"]}}],"collection":[{"href":"https:\/\/les-amis-de-bantanani.com\/index.php\/wp-json\/wp\/v2\/pages"}],"about":[{"href":"https:\/\/les-amis-de-bantanani.com\/index.php\/wp-json\/wp\/v2\/types\/page"}],"author":[{"embeddable":true,"href":"https:\/\/les-amis-de-bantanani.com\/index.php\/wp-json\/wp\/v2\/users\/1"}],"replies":[{"embeddable":true,"href":"https:\/\/les-amis-de-bantanani.com\/index.php\/wp-json\/wp\/v2\/comments?post=82"}],"version-history":[{"count":66,"href":"https:\/\/les-amis-de-bantanani.com\/index.php\/wp-json\/wp\/v2\/pages\/82\/revisions"}],"predecessor-version":[{"id":1893,"href":"https:\/\/les-amis-de-bantanani.com\/index.php\/wp-json\/wp\/v2\/pages\/82\/revisions\/1893"}],"wp:attachment":[{"href":"https:\/\/les-amis-de-bantanani.com\/index.php\/wp-json\/wp\/v2\/media?parent=82"}],"curies":[{"name":"wp","href":"https:\/\/api.w.org\/{rel}","templated":true}]}}